{"id":815,"date":"2025-12-03T08:59:57","date_gmt":"2025-12-03T07:59:57","guid":{"rendered":"https:\/\/www.rastotrnka.sk\/tamogass-engem\/"},"modified":"2025-12-03T09:01:07","modified_gmt":"2025-12-03T08:01:07","slug":"tamogass-engem","status":"publish","type":"page","link":"https:\/\/www.rastotrnka.sk\/hu\/tamogass-engem\/","title":{"rendered":"T\u00e1mogass engem"},"content":{"rendered":"<p>A kamp\u00e1nyom b\u00e1rmilyen form\u00e1ban t\u00f6rt\u00e9n\u0151 t\u00e1mogat\u00e1s\u00e1t \u0151szint\u00e9n k\u00f6sz\u00f6n\u00f6m.<\/p>\n<p>&nbsp;<\/p>\n<p><img loading=\"lazy\" decoding=\"async\" class=\"alignnone size-full wp-image-812\" src=\"https:\/\/www.rastotrnka.sk\/wp-content\/uploads\/2025\/12\/PayBySquare.png\" alt=\"\" width=\"256\" height=\"300\"><\/p>\n","protected":false},"excerpt":{"rendered":"<p>A kamp\u00e1nyom b\u00e1rmilyen form\u00e1ban t\u00f6rt\u00e9n\u0151 t\u00e1mogat\u00e1s\u00e1t \u0151szint\u00e9n k\u00f6sz\u00f6n\u00f6m. &nbsp;<\/p>\n","protected":false},"author":1,"featured_media":0,"parent":0,"menu_order":0,"comment_status":"closed","ping_status":"closed","template":"","meta":{"footnotes":""},"class_list":["post-815","page","type-page","status-publish","hentry"],"acf":[],"_links":{"self":[{"href":"https:\/\/www.rastotrnka.sk\/hu\/wp-json\/wp\/v2\/pages\/815"}],"collection":[{"href":"https:\/\/www.rastotrnka.sk\/hu\/wp-json\/wp\/v2\/pages"}],"about":[{"href":"https:\/\/www.rastotrnka.sk\/hu\/wp-json\/wp\/v2\/types\/page"}],"author":[{"embeddable":true,"href":"https:\/\/www.rastotrnka.sk\/hu\/wp-json\/wp\/v2\/users\/1"}],"replies":[{"embeddable":true,"href":"https:\/\/www.rastotrnka.sk\/hu\/wp-json\/wp\/v2\/comments?post=815"}],"version-history":[{"count":0,"href":"https:\/\/www.rastotrnka.sk\/hu\/wp-json\/wp\/v2\/pages\/815\/revisions"}],"wp:attachment":[{"href":"https:\/\/www.rastotrnka.sk\/hu\/wp-json\/wp\/v2\/media?parent=815"}],"curies":[{"name":"wp","href":"https:\/\/api.w.org\/{rel}","templated":true}]}}